{"id":3890,"date":"2021-02-04T18:33:57","date_gmt":"2021-02-04T17:33:57","guid":{"rendered":"https:\/\/woodcare.no\/?page_id=3890"},"modified":"2021-02-15T13:47:45","modified_gmt":"2021-02-15T12:47:45","slug":"kontakt-oss","status":"publish","type":"page","link":"https:\/\/woodcare.no\/en\/kontakt-oss\/","title":{"rendered":"Contact us"},"content":{"rendered":"<section class=\"l-section wpb_row us_custom_da7f66a8 height_full valign_center\"><div class=\"l-section-h i-cf\"><div class=\"g-cols vc_row type_default valign_middle\"><div class=\"vc_col-sm-3 wpb_column vc_column_container has-fill animate_afl\" style=\"animation-delay:0.5s\"><div class=\"vc_column-inner us_custom_165b9724\"><div class=\"wpb_wrapper\"><div class=\"wpb_text_column us_custom_e28183d5\" ><div class=\"wpb_wrapper\"><h1>Contact us<\/h1>\n<\/div><\/div><\/div><\/div><\/div><div class=\"vc_col-sm-7 vc_col-xs-offset-3\/5 wpb_column vc_column_container animate_afb\"><div class=\"vc_column-inner\"><div class=\"wpb_wrapper\"><\/div><\/div><\/div><\/div><\/div><\/section><section class=\"l-section wpb_row height_medium\"><div class=\"l-section-h i-cf\"><div class=\"g-cols vc_row type_default valign_top\"><div class=\"vc_col-sm-2 wpb_column vc_column_container\"><div class=\"vc_column-inner\"><div class=\"wpb_wrapper\"><\/div><\/div><\/div><div class=\"vc_col-sm-4 wpb_column vc_column_container\"><div class=\"vc_column-inner\"><div class=\"wpb_wrapper\"><div class=\"w-separator size_large\"><\/div><div class=\"wpb_text_column\" ><div class=\"wpb_wrapper\"><h5><strong>We are Woodcare AS<\/strong><\/h5>\n<\/div><\/div><div class=\"w-separator size_small\"><\/div><div class=\"wpb_text_column us_custom_6c9a0c76\" ><div class=\"wpb_wrapper\"><p>Do you have any questions? If you have any questions, please get in touch!<\/p>\n<\/div><\/div><div class=\"w-separator size_small\"><\/div><form class=\"w-form  us_custom_1ec111ec layout_ver for_cform us_form_1\" autocomplete=\"off\" action=\"https:\/\/woodcare.no\/en\/wp-json\/wp\/v2\/pages\/3890\" method=\"post\" data-trp-original-action=\"https:\/\/woodcare.no\/en\/wp-json\/wp\/v2\/pages\/3890\"><div class=\"w-form-h\"><div class=\"w-form-row for_text has_label move_label required\">\n\t\t\t<div class=\"w-form-row-label\">\n\t\t\t<span>Name*<\/span>\n\t\t<\/div>\n\t\t<div class=\"w-form-row-field\">\n\t\t\t\t\t\t<input aria-label=\"Nav\" type=\"text\" name=\"us_form_1_text_1\" value placeholder data-required=\"true\" aria-required=\"true\"\/>\n\t\t\t<\/div>\n\t\t<div class=\"w-form-row-state\">Fill out this field<\/div>\n<\/div>\n<div class=\"w-form-row for_email has_label move_label required\">\n\t\t\t<div class=\"w-form-row-label\">\n\t\t\t<span>E-mail*<\/span>\n\t\t<\/div>\n\t\t<div class=\"w-form-row-field\">\n\t\t\t\t\t\t<input aria-label=\"E-post\" type=\"email\" name=\"us_form_1_email_1\" value placeholder data-required=\"true\" aria-required=\"true\"\/>\n\t\t\t<\/div>\n\t\t<div class=\"w-form-row-state\">Please enter a valid email address.<\/div>\n<\/div>\n<div class=\"w-form-row for_text has_label move_label required\">\n\t\t\t<div class=\"w-form-row-label\">\n\t\t\t<span>Subject*<\/span>\n\t\t<\/div>\n\t\t<div class=\"w-form-row-field\">\n\t\t\t\t\t\t<input aria-label=\"Emne\" type=\"text\" name=\"us_form_1_text_2\" value placeholder data-required=\"true\" aria-required=\"true\"\/>\n\t\t\t<\/div>\n\t\t<div class=\"w-form-row-state\">Fill out this field<\/div>\n<\/div>\n<div class=\"w-form-row for_textarea has_label move_label\">\n\t\t\t<div class=\"w-form-row-label\">\n\t\t\t<span>Message*<\/span>\n\t\t<\/div>\n\t\t<div class=\"w-form-row-field\">\n\t\t\t\t\t\t<textarea aria-label=\"Message*\" name=\"us_form_1_textarea_1\" placeholder><\/textarea>\n\t\t\t<\/div>\n\t\t<div class=\"w-form-row-state\">Fill out this field<\/div>\n<\/div>\n<input type=\"hidden\" name=\"action\" value=\"us_ajax_cform\" \/><input type=\"hidden\" name=\"post_id\" value=\"0\" \/><input type=\"hidden\" name=\"form_index\" value=\"1\" \/><div class=\"w-form-row for_submit align_left\">\n\t<div class=\"w-form-row-field\">\n\t\t\t\t<button class=\"w-btn  us-btn-style_3\" aria-label=\"Send\" type=\"submit\">\n\t\t\t<span class=\"g-preloader type_1\"><\/span>\n\t\t\t\t\t\t<span class=\"w-btn-label\">Send<\/span>\n\t\t\t\t\t<\/button>\n\t<\/div>\n<\/div><\/div><div class=\"w-form-message\"><\/div><div class=\"w-form-json hidden\" onclick='return {&quot;ajaxurl&quot;:&quot;https:\\\/\\\/woodcare.no\\\/wp-admin\\\/admin-ajax.php&quot;}'><\/div><input type=\"hidden\" name=\"trp-form-language\" value=\"en\"\/><\/form><div class=\"w-separator size_small\"><\/div><\/div><\/div><\/div><div class=\"vc_col-sm-4 wpb_column vc_column_container\"><div class=\"vc_column-inner\"><div class=\"wpb_wrapper\"><div class=\"w-separator size_large\"><\/div><div class=\"wpb_text_column\" ><div class=\"wpb_wrapper\"><h5 style=\"text-align: center;\"><strong>Address<\/strong><\/h5>\n<\/div><\/div><div class=\"w-separator size_small\"><\/div><div class=\"wpb_text_column us_custom_f73f4019\" ><div class=\"wpb_wrapper\"><p style=\"text-align: center;\">Mausetvegen 30, 2380 Brumunddal<\/p>\n<\/div><\/div><div class=\"w-separator size_small\"><\/div><div class=\"w-image align_none\"><a href=\"https:\/\/woodcare.no\/wp-content\/uploads\/2021\/02\/MAPS.png\" ref=\"magnificPopup\" aria-label=\"Link\" class=\"w-image-h\"><img fetchpriority=\"high\" decoding=\"async\" width=\"1024\" height=\"644\" src=\"https:\/\/woodcare.no\/wp-content\/uploads\/2021\/02\/MAPS-1024x644.png\" class=\"attachment-large size-large\" alt=\"\" srcset=\"\" sizes=\"(max-width: 1024px) 100vw, 1024px\" data-srcset=\"\" \/><\/a><\/div><div class=\"w-separator size_small\"><\/div><div class=\"wpb_text_column us_custom_f73f4019\" ><div class=\"wpb_wrapper\"><p style=\"text-align: center;\">Masserudveien,\u00a0 1475 Finstadjordet<\/p>\n<\/div><\/div><\/div><\/div><\/div><div class=\"vc_col-sm-2 wpb_column vc_column_container\"><div class=\"vc_column-inner\"><div class=\"wpb_wrapper\"><\/div><\/div><\/div><\/div><\/div><\/section><section class=\"l-section wpb_row us_custom_0d15be52 height_medium\"><div class=\"l-section-h i-cf\"><div class=\"g-cols vc_row type_default valign_top\"><div class=\"vc_col-sm-2 wpb_column vc_column_container\"><div class=\"vc_column-inner\"><div class=\"wpb_wrapper\"><\/div><\/div><\/div><div class=\"vc_col-sm-4 wpb_column vc_column_container\"><div class=\"vc_column-inner\"><div class=\"wpb_wrapper\"><div class=\"wpb_text_column\" ><div class=\"wpb_wrapper\"><h5 style=\"text-align: center;\">Contact<\/h5>\n<\/div><\/div><div class=\"w-separator size_small\"><\/div><div class=\"wpb_text_column us_custom_6c9a0c76\" ><div class=\"wpb_wrapper\"><p style=\"text-align: center;\">Geir Skr\u00e5mo<\/p>\n<\/div><\/div><div class=\"wpb_text_column us_custom_6c9a0c76\" ><div class=\"wpb_wrapper\"><p style=\"text-align: center;\">+47 40087385<\/p>\n<\/div><\/div><div class=\"wpb_text_column us_custom_ea1f2f70 has_text_color\" ><div class=\"wpb_wrapper\"><p style=\"text-align: center;\">geir@woodcare.no<\/p>\n<\/div><\/div><\/div><\/div><\/div><div class=\"vc_col-sm-4 wpb_column vc_column_container\"><div class=\"vc_column-inner\"><div class=\"wpb_wrapper\"><div class=\"wpb_text_column\" ><div class=\"wpb_wrapper\"><h5 style=\"text-align: center;\">Follow us on social media<\/h5>\n<\/div><\/div><div class=\"w-separator size_small\"><\/div><div class=\"wpb_text_column us_custom_6c9a0c76\" ><div class=\"wpb_wrapper\"><p style=\"text-align: center;\"><a href=\"https:\/\/www.instagram.com\/woodcareas\" target=\"_blank\" rel=\"noopener\">Instagram<\/a><\/p>\n<\/div><\/div><div class=\"wpb_text_column us_custom_6c9a0c76\" ><div class=\"wpb_wrapper\"><p style=\"text-align: center;\"><a href=\"https:\/\/www.facebook.com\/woodcareas\" target=\"_blank\" rel=\"noopener\">Facebook<\/a><\/p>\n<\/div><\/div><\/div><\/div><\/div><div class=\"vc_col-sm-2 wpb_column vc_column_container\"><div class=\"vc_column-inner\"><div class=\"wpb_wrapper\"><\/div><\/div><\/div><\/div><\/div><\/section><section class=\"l-section wpb_row height_medium\"><div class=\"l-section-h i-cf\"><div class=\"g-cols vc_row type_default valign_top\"><div class=\"vc_col-sm-12 wpb_column vc_column_container animate_afb\"><div class=\"vc_column-inner\"><div class=\"wpb_wrapper\"><div class=\"w-separator size_small\"><\/div><div class=\"w-image align_center\"><div class=\"w-image-h\"><img decoding=\"async\" width=\"300\" height=\"58\" src=\"https:\/\/woodcare.no\/wp-content\/uploads\/2021\/02\/Logo-300x58-1.png\" class=\"attachment-large size-large\" alt=\"\" \/><\/div><\/div><div class=\"w-separator size_small\"><\/div><\/div><\/div><\/div><\/div><\/div><\/section>","protected":false},"excerpt":{"rendered":"Kontakt oss Vi er Woodcare AS Lurer du p\u00e5 noe? Har du noen sp\u00f8rsm\u00e5l, ta kontakt da vel! Nav * Fill out this field E-post * Please enter a valid email address. Emne * Fill out this field Melding Fill out this field Send Adresse Mausetvegen 30, 2380 Brumunddal Masserudveien,\u00a0 1475 Finstadjordet Kontakt Geir Skr\u00e5mo...","protected":false},"author":2,"featured_media":0,"parent":0,"menu_order":0,"comment_status":"closed","ping_status":"closed","template":"","meta":{"footnotes":""},"class_list":["post-3890","page","type-page","status-publish","hentry"],"_links":{"self":[{"href":"https:\/\/woodcare.no\/en\/wp-json\/wp\/v2\/pages\/3890","targetHints":{"allow":["GET"]}}],"collection":[{"href":"https:\/\/woodcare.no\/en\/wp-json\/wp\/v2\/pages"}],"about":[{"href":"https:\/\/woodcare.no\/en\/wp-json\/wp\/v2\/types\/page"}],"author":[{"embeddable":true,"href":"https:\/\/woodcare.no\/en\/wp-json\/wp\/v2\/users\/2"}],"replies":[{"embeddable":true,"href":"https:\/\/woodcare.no\/en\/wp-json\/wp\/v2\/comments?post=3890"}],"version-history":[{"count":20,"href":"https:\/\/woodcare.no\/en\/wp-json\/wp\/v2\/pages\/3890\/revisions"}],"predecessor-version":[{"id":3894,"href":"https:\/\/woodcare.no\/en\/wp-json\/wp\/v2\/pages\/3890\/revisions\/3894"}],"wp:attachment":[{"href":"https:\/\/woodcare.no\/en\/wp-json\/wp\/v2\/media?parent=3890"}],"curies":[{"name":"wp","href":"https:\/\/api.w.org\/{rel}","templated":true}]}}