{"id":3861,"date":"2021-02-04T18:08:33","date_gmt":"2021-02-04T17:08:33","guid":{"rendered":"https:\/\/woodcare.no\/?page_id=3861"},"modified":"2021-03-30T23:56:01","modified_gmt":"2021-03-30T21:56:01","slug":"vart-team","status":"publish","type":"page","link":"https:\/\/woodcare.no\/en\/vart-team\/","title":{"rendered":"Our Team"},"content":{"rendered":"<section class=\"l-section wpb_row us_custom_e9dc41b5 height_full valign_center\"><div class=\"l-section-h i-cf\"><div class=\"g-cols vc_row type_default valign_middle\"><div class=\"vc_col-sm-1\/5 wpb_column vc_column_container has-fill animate_afl\" style=\"animation-delay:0.5s\"><div class=\"vc_column-inner us_custom_165b9724\"><div class=\"wpb_wrapper\"><div class=\"wpb_text_column us_custom_e28183d5\" ><div class=\"wpb_wrapper\"><h1>Our Team<\/h1>\n<\/div><\/div><\/div><\/div><\/div><div class=\"vc_col-sm-7 vc_col-xs-offset-3\/5 wpb_column vc_column_container animate_afb\"><div class=\"vc_column-inner\"><div class=\"wpb_wrapper\"><\/div><\/div><\/div><\/div><\/div><\/section><section class=\"l-section wpb_row us_custom_4fb9e5a3 height_medium color_alternate\"><div class=\"l-section-h i-cf\"><div class=\"g-cols vc_row type_default valign_top\"><div class=\"vc_col-sm-1\/5 wpb_column vc_column_container\"><div class=\"vc_column-inner\"><div class=\"wpb_wrapper\"><\/div><\/div><\/div><div class=\"vc_col-sm-3\/5 wpb_column vc_column_container animate_afb\"><div class=\"vc_column-inner\"><div class=\"wpb_wrapper\"><div class=\"wpb_text_column\" ><div class=\"wpb_wrapper\"><h5 style=\"text-align: center;\">In Woodcare AS, we are currently 8 employees all dedicated to our segment and with a total of many years of experience. We only use our own employees who all live in Norway.<\/h5>\n<\/div><\/div><\/div><\/div><\/div><div class=\"vc_col-sm-1\/5 wpb_column vc_column_container\"><div class=\"vc_column-inner\"><div class=\"wpb_wrapper\"><\/div><\/div><\/div><\/div><\/div><\/section><section class=\"l-section wpb_row height_medium\"><div class=\"l-section-h i-cf\"><div class=\"g-cols vc_row type_default valign_top\"><div class=\"vc_col-sm-2 wpb_column vc_column_container\"><div class=\"vc_column-inner\"><div class=\"wpb_wrapper\"><\/div><\/div><\/div><div class=\"vc_col-sm-4 wpb_column vc_column_container\"><div class=\"vc_column-inner\"><div class=\"wpb_wrapper\"><div class=\"w-image align_none\"><div class=\"w-image-h\"><img fetchpriority=\"high\" decoding=\"async\" width=\"500\" height=\"340\" src=\"https:\/\/woodcare.no\/wp-content\/uploads\/2021\/02\/Vart-team_1-1.jpg\" class=\"attachment-large size-large\" alt=\"\" \/><\/div><\/div><\/div><\/div><\/div><div class=\"vc_col-sm-4 wpb_column vc_column_container animate_afb\"><div class=\"vc_column-inner\"><div class=\"wpb_wrapper\"><div class=\"wpb_text_column us_custom_6c9a0c76\" ><div class=\"wpb_wrapper\"><p>We have all the necessary certificates and approvals to carry out our work safely and efficiently. Through technical training with different products, we work continuously to deliver the best possible quality to our customers.<\/p>\n<\/div><\/div><div class=\"w-separator size_medium\"><\/div><\/div><\/div><\/div><div class=\"vc_col-sm-2 wpb_column vc_column_container\"><div class=\"vc_column-inner\"><div class=\"wpb_wrapper\"><\/div><\/div><\/div><\/div><\/div><\/section><section class=\"l-section wpb_row height_medium\"><div class=\"l-section-h i-cf\"><div class=\"g-cols vc_row type_default valign_top\"><div class=\"vc_col-sm-2 wpb_column vc_column_container\"><div class=\"vc_column-inner\"><div class=\"wpb_wrapper\"><\/div><\/div><\/div><div class=\"vc_col-sm-4 wpb_column vc_column_container\"><div class=\"vc_column-inner\"><div class=\"wpb_wrapper\"><div class=\"w-image align_none\"><div class=\"w-image-h\"><img decoding=\"async\" width=\"500\" height=\"340\" src=\"https:\/\/woodcare.no\/wp-content\/uploads\/2021\/02\/Vart-team_2-1.jpg\" class=\"attachment-large size-large\" alt=\"\" \/><\/div><\/div><\/div><\/div><\/div><div class=\"vc_col-sm-4 wpb_column vc_column_container animate_afb\"><div class=\"vc_column-inner\"><div class=\"wpb_wrapper\"><div class=\"wpb_text_column us_custom_6c9a0c76\" ><div class=\"wpb_wrapper\"><p>Our name, Woodcare AS, is not accidental. We take care of wood. Done correctly, this results in lower costs for our customers. Regularly maintained good quality wooden floors also last longer. This contributes to a reduced pressure on the environment. By taking care of wood, we also take care of trees. We believe this is good environmental protection in practice!<\/p>\n<\/div><\/div><div class=\"w-separator size_medium\"><\/div><\/div><\/div><\/div><div class=\"vc_col-sm-2 wpb_column vc_column_container\"><div class=\"vc_column-inner\"><div class=\"wpb_wrapper\"><\/div><\/div><\/div><\/div><\/div><\/section><section class=\"l-section wpb_row height_medium\"><div class=\"l-section-h i-cf\"><div class=\"g-cols vc_row type_default valign_top\"><div class=\"vc_col-sm-12 wpb_column vc_column_container animate_afb\"><div class=\"vc_column-inner\"><div class=\"wpb_wrapper\"><div class=\"w-separator size_small\"><\/div><div class=\"w-image align_center\"><div class=\"w-image-h\"><img decoding=\"async\" width=\"300\" height=\"58\" src=\"https:\/\/woodcare.no\/wp-content\/uploads\/2021\/02\/Logo-300x58-1.png\" class=\"attachment-large size-large\" alt=\"\" \/><\/div><\/div><div class=\"w-separator size_small\"><\/div><\/div><\/div><\/div><\/div><\/div><\/section>","protected":false},"excerpt":{"rendered":"V\u00e5rt team I Woodcare AS er vi i dag 8 ansatte som alle er dedikerte for v\u00e5re fagomr\u00e5der og har til sammen mange \u00e5rs erfaring. Vi benytter kun egne ansatte som alle er bosatt i Norge. Vi har alle n\u00f8dvendige sertifikater og godkjenninger for \u00e5 utf\u00f8re v\u00e5rt arbeid p\u00e5 en trygg og effektiv m\u00e5te. Gjennom...","protected":false},"author":2,"featured_media":0,"parent":0,"menu_order":0,"comment_status":"closed","ping_status":"closed","template":"","meta":{"footnotes":""},"class_list":["post-3861","page","type-page","status-publish","hentry"],"_links":{"self":[{"href":"https:\/\/woodcare.no\/en\/wp-json\/wp\/v2\/pages\/3861","targetHints":{"allow":["GET"]}}],"collection":[{"href":"https:\/\/woodcare.no\/en\/wp-json\/wp\/v2\/pages"}],"about":[{"href":"https:\/\/woodcare.no\/en\/wp-json\/wp\/v2\/types\/page"}],"author":[{"embeddable":true,"href":"https:\/\/woodcare.no\/en\/wp-json\/wp\/v2\/users\/2"}],"replies":[{"embeddable":true,"href":"https:\/\/woodcare.no\/en\/wp-json\/wp\/v2\/comments?post=3861"}],"version-history":[{"count":16,"href":"https:\/\/woodcare.no\/en\/wp-json\/wp\/v2\/pages\/3861\/revisions"}],"predecessor-version":[{"id":4159,"href":"https:\/\/woodcare.no\/en\/wp-json\/wp\/v2\/pages\/3861\/revisions\/4159"}],"wp:attachment":[{"href":"https:\/\/woodcare.no\/en\/wp-json\/wp\/v2\/media?parent=3861"}],"curies":[{"name":"wp","href":"https:\/\/api.w.org\/{rel}","templated":true}]}}